{"id":151,"date":"2026-01-07T08:21:42","date_gmt":"2026-01-07T07:21:42","guid":{"rendered":"https:\/\/steeli.bplaced.net\/kroatien\/?page_id=151"},"modified":"2026-01-19T13:35:29","modified_gmt":"2026-01-19T12:35:29","slug":"istrien","status":"publish","type":"page","link":"https:\/\/steeli.bplaced.net\/kroatien\/istrien\/","title":{"rendered":"Istrien"},"content":{"rendered":"\n<div class=\"wp-block-cover alignfull is-light has-custom-content-position is-position-center-center\" style=\"margin-top:0;margin-bottom:0;padding-top:var(--wp--preset--spacing--50);padding-right:var(--wp--preset--spacing--50);padding-bottom:var(--wp--preset--spacing--50);padding-left:var(--wp--preset--spacing--50);min-height:900px;aspect-ratio:unset;\"><img loading=\"lazy\" decoding=\"async\" width=\"2000\" height=\"1333\" class=\"wp-block-cover__image-background wp-image-158 size-full\" alt=\"\" src=\"https:\/\/steeli.bplaced.net\/kroatien\/wp-content\/uploads\/2026\/01\/istrien2.jpg\" data-object-fit=\"cover\" srcset=\"https:\/\/steeli.bplaced.net\/kroatien\/wp-content\/uploads\/2026\/01\/istrien2.jpg 2000w, https:\/\/steeli.bplaced.net\/kroatien\/wp-content\/uploads\/2026\/01\/istrien2-300x200.jpg 300w, https:\/\/steeli.bplaced.net\/kroatien\/wp-content\/uploads\/2026\/01\/istrien2-1024x682.jpg 1024w, https:\/\/steeli.bplaced.net\/kroatien\/wp-content\/uploads\/2026\/01\/istrien2-768x512.jpg 768w, https:\/\/steeli.bplaced.net\/kroatien\/wp-content\/uploads\/2026\/01\/istrien2-1536x1024.jpg 1536w\" sizes=\"auto, (max-width: 2000px) 100vw, 2000px\" \/><span aria-hidden=\"true\" class=\"wp-block-cover__background has-background-dim-20 has-background-dim\" style=\"background-color:#798098\"><\/span><div class=\"wp-block-cover__inner-container has-global-padding is-layout-constrained wp-container-core-cover-is-layout-d89aad35 wp-block-cover-is-layout-constrained\">\n<div class=\"wp-block-group alignwide has-global-padding is-content-justification-center is-layout-constrained wp-block-group-is-layout-constrained\">\n<h2 class=\"wp-block-heading has-text-align-center has-xx-large-font-size\" style=\"font-style:normal;font-weight:700\">Istrien \u2013 Die Perle der Adria<\/h2>\n\n\n\n<p class=\"has-text-align-center has-contrast-color has-text-color has-background has-link-color wp-elements-c70905809f485fb68c8729e935179eff\" style=\"background-color:#ffffff42;font-size:clamp(0.875rem, 0.875rem + ((1vw - 0.2rem) * 0.667), 1.3rem);\">Entdecken Sie die bezaubernde Halbinsel im Norden Kroatiens \u2013 wo Tradition auf mediterrane Lebensfreude trifft<\/p>\n<\/div>\n<\/div><\/div>\n\n\n\n<div class=\"wp-block-group alignfull is-style-section-1 has-global-padding is-layout-constrained wp-block-group-is-layout-constrained is-style-section-1--1\" style=\"margin-top:0;margin-bottom:0;padding-top:var(--wp--preset--spacing--80);padding-bottom:var(--wp--preset--spacing--80)\">\n<div class=\"wp-block-columns alignwide is-layout-flex wp-container-core-columns-is-layout-66fad18a wp-block-columns-is-layout-flex\">\n<div class=\"wp-block-column is-layout-flow wp-block-column-is-layout-flow\" style=\"padding-right:var(--wp--preset--spacing--50);flex-basis:45%\">\n<figure class=\"wp-block-image aligncenter size-full\"><img loading=\"lazy\" decoding=\"async\" width=\"900\" height=\"600\" src=\"https:\/\/steeli.bplaced.net\/kroatien\/wp-content\/uploads\/2026\/01\/istrien3.jpg\" alt=\"\" class=\"wp-image-189\" srcset=\"https:\/\/steeli.bplaced.net\/kroatien\/wp-content\/uploads\/2026\/01\/istrien3.jpg 900w, https:\/\/steeli.bplaced.net\/kroatien\/wp-content\/uploads\/2026\/01\/istrien3-300x200.jpg 300w, https:\/\/steeli.bplaced.net\/kroatien\/wp-content\/uploads\/2026\/01\/istrien3-768x512.jpg 768w\" sizes=\"auto, (max-width: 900px) 100vw, 900px\" \/><\/figure>\n\n\n\n<div class=\"wp-block-group has-global-padding is-layout-constrained wp-block-group-is-layout-constrained\" style=\"margin-top:-12vw\"><\/div>\n<\/div>\n\n\n\n<div class=\"wp-block-column is-vertically-aligned-center is-layout-flow wp-block-column-is-layout-flow\" style=\"padding-right:0;padding-left:0;flex-basis:50%\">\n<div class=\"wp-block-group is-vertical is-layout-flex wp-container-core-group-is-layout-fe9cc265 wp-block-group-is-layout-flex\">\n<h2 class=\"wp-block-heading is-style-text-annotation is-style-text-annotation--2\">Willkommen in Istrien<\/h2>\n<\/div>\n\n\n\n<p class=\"is-style-text-subtitle is-style-text-subtitle--3\"><strong>Istrien<\/strong> ist die gr\u00f6\u00dfte Halbinsel an der n\u00f6rdlichen Adria und eine der beliebtesten Urlaubsregionen Kroatiens. Die Region ist die am st\u00e4rksten entwickelte touristische Destination des Landes und \u00fcberzeugt durch ihre hervorragende Infrastruktur sowie die N\u00e4he zu den europ\u00e4ischen Nachbarl\u00e4ndern. Kristallklares Wasser, traumhafte Badebuchten, idyllische K\u00fcstenst\u00e4dte und unz\u00e4hlige historische Sehensw\u00fcrdigkeiten pr\u00e4gen das Gesicht dieser einzigartigen Region.<\/p>\n<\/div>\n<\/div>\n<\/div>\n\n\n\n<div class=\"wp-block-group alignfull has-global-padding is-layout-constrained wp-container-core-group-is-layout-ebee8dc1 wp-block-group-is-layout-constrained\" style=\"margin-top:0;margin-bottom:0;padding-top:var(--wp--preset--spacing--50);padding-bottom:var(--wp--preset--spacing--50)\">\n<h2 class=\"wp-block-heading alignwide\">Die sch\u00f6nsten St\u00e4dte Istriens<\/h2>\n\n\n\n<div class=\"wp-block-columns alignwide is-layout-flex wp-container-core-columns-is-layout-28f84493 wp-block-columns-is-layout-flex\">\n<div class=\"wp-block-column is-layout-flow wp-block-column-is-layout-flow\">\n<h3 class=\"wp-block-heading\">Rovinj<\/h3>\n\n\n\n<p class=\"has-medium-font-size\">Die romantischste Stadt Istriens verzaubert mit ihrer malerischen Altstadt, bunten H\u00e4userfassaden und der majest\u00e4tischen Kirche der Heiligen Euphemia.<\/p>\n<\/div>\n\n\n\n<div class=\"wp-block-column is-layout-flow wp-block-column-is-layout-flow\">\n<h3 class=\"wp-block-heading\">Pula<\/h3>\n\n\n\n<p class=\"has-medium-font-size\">Die gr\u00f6\u00dfte Stadt Istriens beeindruckt mit ihrem gut erhaltenen r\u00f6mischen Amphitheater \u2013 eines der gr\u00f6\u00dften weltweit \u2013 und einer lebendigen Kulturszene.<\/p>\n<\/div>\n\n\n\n<div class=\"wp-block-column is-layout-flow wp-block-column-is-layout-flow\">\n<h3 class=\"wp-block-heading\">Pore\u010d<\/h3>\n\n\n\n<p class=\"has-medium-font-size\">UNESCO-Weltkulturerbe mit der pr\u00e4chtigen Euphrasius-Basilika, r\u00f6mischen Ruinen und venezianischen Pal\u00e4sten auf einer charmanten Halbinsel.<\/p>\n<\/div>\n<\/div>\n<\/div>\n\n\n\n<div class=\"wp-block-group alignfull is-style-section-5 has-background has-global-padding is-layout-constrained wp-block-group-is-layout-constrained is-style-section-5--4\" style=\"background-color:#121212b3;margin-top:0;margin-bottom:0;padding-top:var(--wp--preset--spacing--80);padding-bottom:var(--wp--preset--spacing--80)\">\n<div class=\"wp-block-columns alignwide is-layout-flex wp-container-core-columns-is-layout-7ee84d44 wp-block-columns-is-layout-flex\">\n<div class=\"wp-block-column is-vertically-aligned-center is-layout-flow wp-block-column-is-layout-flow\" style=\"flex-basis:50%\">\n<h2 class=\"wp-block-heading\">Str\u00e4nde &amp; Kristallklares Meer<\/h2>\n\n\n\n<p class=\"has-medium-font-size\">Die istrische K\u00fcste begeistert mit einer au\u00dfergew\u00f6hnlichen Vielfalt an Str\u00e4nden und Buchten. Von Kieselstr\u00e4nden \u00fcber malerische Felsbuchten bis hin zu versteckten Badeparadiesen \u2013 hier findet jeder sein pers\u00f6nliches St\u00fcck Adria. Die ausgezeichnete Wasserqualit\u00e4t und das kristallklare Meer laden zum Schwimmen, Schnorcheln und Tauchen ein. Besonders reizvoll sind die zahlreichen kleinen, gesch\u00fctzten Buchten entlang der zerkl\u00fcfteten K\u00fcste.<br><\/p>\n<\/div>\n\n\n\n<div class=\"wp-block-column is-vertically-aligned-center is-layout-flow wp-block-column-is-layout-flow\" style=\"flex-basis:50%\">\n<figure class=\"wp-block-image size-full\"><img loading=\"lazy\" decoding=\"async\" width=\"1024\" height=\"768\" src=\"https:\/\/steeli.bplaced.net\/kroatien\/wp-content\/uploads\/2026\/01\/straende.jpg\" alt=\"\" class=\"wp-image-159\" style=\"aspect-ratio:1;object-fit:cover\" srcset=\"https:\/\/steeli.bplaced.net\/kroatien\/wp-content\/uploads\/2026\/01\/straende.jpg 1024w, https:\/\/steeli.bplaced.net\/kroatien\/wp-content\/uploads\/2026\/01\/straende-300x225.jpg 300w, https:\/\/steeli.bplaced.net\/kroatien\/wp-content\/uploads\/2026\/01\/straende-768x576.jpg 768w\" sizes=\"auto, (max-width: 1024px) 100vw, 1024px\" \/><figcaption class=\"wp-element-caption\">Stadt Omis in Dalmatien<\/figcaption><\/figure>\n<\/div>\n<\/div>\n<\/div>\n\n\n\n<div class=\"wp-block-group alignfull has-global-padding is-layout-constrained wp-block-group-is-layout-constrained\" style=\"margin-top:0;margin-bottom:0;padding-top:var(--wp--preset--spacing--60);padding-bottom:var(--wp--preset--spacing--60)\">\n<div class=\"wp-block-columns alignwide is-layout-flex wp-container-core-columns-is-layout-74b2cda3 wp-block-columns-is-layout-flex\">\n<div class=\"wp-block-column is-layout-flow wp-block-column-is-layout-flow\">\n<div class=\"wp-block-group is-vertical is-content-justification-left is-layout-flex wp-container-core-group-is-layout-7ce391b6 wp-block-group-is-layout-flex\" style=\"min-height:100%\">\n<h2 class=\"wp-block-heading is-style-text-annotation has-x-small-font-size is-style-text-annotation--5\">Kulinarisches Paradies<\/h2>\n\n\n\n<blockquote class=\"wp-block-quote is-style-plain has-x-large-font-size is-layout-flow wp-container-core-quote-is-layout-5dafc681 wp-block-quote-is-layout-flow is-style-plain--6\" style=\"font-style:normal;font-weight:400\">\n<div class=\"wp-block-group has-global-padding is-content-justification-left is-layout-constrained wp-container-core-group-is-layout-085bd3d9 wp-block-group-is-layout-constrained\" style=\"margin-top:0;margin-bottom:0;padding-top:0;padding-right:0;padding-bottom:0;padding-left:0\">\n<p class=\"has-xx-large-font-size\">\u201eIstrien ist ein wahres Paradies f\u00fcr Feinschmecker. Tr\u00fcffel, Oliven\u00f6l und Wein auf Weltklasse-Niveau!&#8220;<\/p>\n<\/div>\n<cite>Gourmet Magazin <br><sub>Kulinarik-Redaktion<\/sub><\/cite><\/blockquote>\n<\/div>\n<\/div>\n\n\n\n<div class=\"wp-block-column is-layout-flow wp-block-column-is-layout-flow\" style=\"padding-top:0;padding-right:0;padding-bottom:0;padding-left:0\">\n<figure class=\"wp-block-image size-large\"><img loading=\"lazy\" decoding=\"async\" width=\"1024\" height=\"768\" src=\"https:\/\/steeli.bplaced.net\/kroatien\/wp-content\/uploads\/2026\/01\/essen-1024x768.jpg\" alt=\"\" class=\"wp-image-152\" style=\"aspect-ratio:1;object-fit:cover\" srcset=\"https:\/\/steeli.bplaced.net\/kroatien\/wp-content\/uploads\/2026\/01\/essen-1024x768.jpg 1024w, https:\/\/steeli.bplaced.net\/kroatien\/wp-content\/uploads\/2026\/01\/essen-300x225.jpg 300w, https:\/\/steeli.bplaced.net\/kroatien\/wp-content\/uploads\/2026\/01\/essen-768x576.jpg 768w, https:\/\/steeli.bplaced.net\/kroatien\/wp-content\/uploads\/2026\/01\/essen.jpg 1280w\" sizes=\"auto, (max-width: 1024px) 100vw, 1024px\" \/><\/figure>\n<\/div>\n<\/div>\n<\/div>\n\n\n\n<div class=\"wp-block-group alignfull is-style-section-1 has-global-padding is-layout-constrained wp-block-group-is-layout-constrained is-style-section-1--7\" style=\"margin-top:0;margin-bottom:0;padding-top:var(--wp--preset--spacing--80);padding-bottom:var(--wp--preset--spacing--80)\">\n<div class=\"wp-block-columns alignwide is-layout-flex wp-container-core-columns-is-layout-7ee84d44 wp-block-columns-is-layout-flex\">\n<div class=\"wp-block-column is-vertically-aligned-center is-layout-flow wp-block-column-is-layout-flow\" style=\"flex-basis:50%\">\n<figure class=\"wp-block-image size-full is-resized\"><img loading=\"lazy\" decoding=\"async\" width=\"192\" height=\"262\" src=\"https:\/\/steeli.bplaced.net\/kroatien\/wp-content\/uploads\/2026\/01\/altstadt.jpeg\" alt=\"\" class=\"wp-image-153\" style=\"aspect-ratio:1;object-fit:cover;width:381px;height:auto\"\/><\/figure>\n<\/div>\n\n\n\n<div class=\"wp-block-column is-vertically-aligned-center is-layout-flow wp-block-column-is-layout-flow\" style=\"flex-basis:50%\">\n<h2 class=\"wp-block-heading\">Das zauberhafte Hinterland<\/h2>\n\n\n\n<p class=\"has-medium-font-size\">Abseits der K\u00fcste erwartet Sie das gr\u00fcne Herz Istriens mit seinen mittelalterlichen Bergd\u00f6rfern. Motovun, Gro\u017enjan und Oprtalj thronen majest\u00e4tisch auf H\u00fcgeln und bieten spektakul\u00e4re Panoramablicke \u00fcber Weinberge, Olivenhaine und dichte W\u00e4lder. Diese historischen Orte sind perfekt f\u00fcr Wanderungen, Radtouren und um die authentische istrische Lebensweise kennenzulernen. Hier ticken die Uhren noch langsamer und die Tradition wird hochgehalten.<br><\/p>\n<\/div>\n<\/div>\n<\/div>\n\n\n\n<div class=\"wp-block-group alignfull has-global-padding is-layout-constrained wp-container-core-group-is-layout-ebee8dc1 wp-block-group-is-layout-constrained\" style=\"margin-top:0;margin-bottom:0;padding-top:var(--wp--preset--spacing--50);padding-bottom:var(--wp--preset--spacing--50)\">\n<h2 class=\"wp-block-heading alignwide\">Kulinarische Spezialit\u00e4ten<\/h2>\n\n\n\n<div class=\"wp-block-columns alignwide is-layout-flex wp-container-core-columns-is-layout-28f84493 wp-block-columns-is-layout-flex\">\n<div class=\"wp-block-column is-layout-flow wp-block-column-is-layout-flow\">\n<h3 class=\"wp-block-heading\">Tr\u00fcffel<\/h3>\n\n\n\n<p class=\"has-medium-font-size\">Die wei\u00dfen und schwarzen Tr\u00fcffel Istriens geh\u00f6ren zu den besten der Welt. Im Herbst werden hier sogar Rekord-Tr\u00fcffel gefunden.<\/p>\n<\/div>\n\n\n\n<div class=\"wp-block-column is-layout-flow wp-block-column-is-layout-flow\">\n<h3 class=\"wp-block-heading\">Oliven\u00f6l<\/h3>\n\n\n\n<p class=\"has-medium-font-size\">Istrisches Oliven\u00f6l wurde mehrfach international ausgezeichnet und gilt als eines der besten weltweit. Ein fl\u00fcssiges Gold der Region.<\/p>\n<\/div>\n\n\n\n<div class=\"wp-block-column is-layout-flow wp-block-column-is-layout-flow\">\n<h3 class=\"wp-block-heading\">Wein<\/h3>\n\n\n\n<p class=\"has-medium-font-size\">Die autochthonen Rebsorten Malvazija und Teran sind die Stars der istrischen Weinproduktion und begeistern Kenner weltweit.<\/p>\n<\/div>\n<\/div>\n<\/div>\n\n\n\n<aside class=\"wp-block-group alignfull is-style-section-3 has-background has-global-padding is-layout-constrained wp-container-core-group-is-layout-f0f2a97b wp-block-group-is-layout-constrained is-style-section-3--8\" style=\"background-color:#f1f0cd;margin-top:0;margin-bottom:0;padding-top:var(--wp--preset--spacing--50);padding-right:var(--wp--preset--spacing--50);padding-bottom:var(--wp--preset--spacing--50);padding-left:var(--wp--preset--spacing--50)\">\n<div class=\"wp-block-group is-vertical is-content-justification-center is-layout-flex wp-container-core-group-is-layout-8778ca4a wp-block-group-is-layout-flex\" style=\"min-height:360px;margin-top:0;margin-bottom:0\">\n<h2 class=\"wp-block-heading has-text-align-center has-xx-large-font-size\">Planen Sie Ihren Istrien-Urlaub<\/h2>\n\n\n\n<p class=\"has-text-align-center is-style-text-subtitle is-style-text-subtitle--9\">Entdecken Sie die sch\u00f6nsten Orte, Str\u00e4nde und kulinarischen Highlights der Region. Lassen Sie sich von der Vielfalt Istriens verzaubern.<\/p>\n\n\n\n<div style=\"height:0px\" aria-hidden=\"true\" class=\"wp-block-spacer wp-container-content-62aae154\"><\/div>\n\n\n\n<div class=\"wp-block-buttons is-content-justification-center is-layout-flex wp-container-core-buttons-is-layout-a89b3969 wp-block-buttons-is-layout-flex\">\n<div class=\"wp-block-button\"><a class=\"wp-block-button__link has-text-align-center wp-element-button\">Mehr erfahren<\/a><\/div>\n<\/div>\n<\/div>\n\n\n\n<ul class=\"wp-block-social-links aligncenter is-layout-flex wp-block-social-links-is-layout-flex\"><li class=\"wp-social-link wp-social-link-facebook  wp-block-social-link\"><a href=\"https:\/\/www.facebook.com\" class=\"wp-block-social-link-anchor\"><svg width=\"24\" height=\"24\" viewBox=\"0 0 24 24\" version=\"1.1\" xmlns=\"http:\/\/www.w3.org\/2000\/svg\" aria-hidden=\"true\" focusable=\"false\"><path d=\"M12 2C6.5 2 2 6.5 2 12c0 5 3.7 9.1 8.4 9.9v-7H7.9V12h2.5V9.8c0-2.5 1.5-3.9 3.8-3.9 1.1 0 2.2.2 2.2.2v2.5h-1.3c-1.2 0-1.6.8-1.6 1.6V12h2.8l-.4 2.9h-2.3v7C18.3 21.1 22 17 22 12c0-5.5-4.5-10-10-10z\"><\/path><\/svg><span class=\"wp-block-social-link-label screen-reader-text\">Facebook<\/span><\/a><\/li>\n\n<li class=\"wp-social-link wp-social-link-instagram  wp-block-social-link\"><a href=\"https:\/\/www.instagram.com\" class=\"wp-block-social-link-anchor\"><svg width=\"24\" height=\"24\" viewBox=\"0 0 24 24\" version=\"1.1\" xmlns=\"http:\/\/www.w3.org\/2000\/svg\" aria-hidden=\"true\" focusable=\"false\"><path d=\"M12,4.622c2.403,0,2.688,0.009,3.637,0.052c0.877,0.04,1.354,0.187,1.671,0.31c0.42,0.163,0.72,0.358,1.035,0.673 c0.315,0.315,0.51,0.615,0.673,1.035c0.123,0.317,0.27,0.794,0.31,1.671c0.043,0.949,0.052,1.234,0.052,3.637 s-0.009,2.688-0.052,3.637c-0.04,0.877-0.187,1.354-0.31,1.671c-0.163,0.42-0.358,0.72-0.673,1.035 c-0.315,0.315-0.615,0.51-1.035,0.673c-0.317,0.123-0.794,0.27-1.671,0.31c-0.949,0.043-1.233,0.052-3.637,0.052 s-2.688-0.009-3.637-0.052c-0.877-0.04-1.354-0.187-1.671-0.31c-0.42-0.163-0.72-0.358-1.035-0.673 c-0.315-0.315-0.51-0.615-0.673-1.035c-0.123-0.317-0.27-0.794-0.31-1.671C4.631,14.688,4.622,14.403,4.622,12 s0.009-2.688,0.052-3.637c0.04-0.877,0.187-1.354,0.31-1.671c0.163-0.42,0.358-0.72,0.673-1.035 c0.315-0.315,0.615-0.51,1.035-0.673c0.317-0.123,0.794-0.27,1.671-0.31C9.312,4.631,9.597,4.622,12,4.622 M12,3 C9.556,3,9.249,3.01,8.289,3.054C7.331,3.098,6.677,3.25,6.105,3.472C5.513,3.702,5.011,4.01,4.511,4.511 c-0.5,0.5-0.808,1.002-1.038,1.594C3.25,6.677,3.098,7.331,3.054,8.289C3.01,9.249,3,9.556,3,12c0,2.444,0.01,2.751,0.054,3.711 c0.044,0.958,0.196,1.612,0.418,2.185c0.23,0.592,0.538,1.094,1.038,1.594c0.5,0.5,1.002,0.808,1.594,1.038 c0.572,0.222,1.227,0.375,2.185,0.418C9.249,20.99,9.556,21,12,21s2.751-0.01,3.711-0.054c0.958-0.044,1.612-0.196,2.185-0.418 c0.592-0.23,1.094-0.538,1.594-1.038c0.5-0.5,0.808-1.002,1.038-1.594c0.222-0.572,0.375-1.227,0.418-2.185 C20.99,14.751,21,14.444,21,12s-0.01-2.751-0.054-3.711c-0.044-0.958-0.196-1.612-0.418-2.185c-0.23-0.592-0.538-1.094-1.038-1.594 c-0.5-0.5-1.002-0.808-1.594-1.038c-0.572-0.222-1.227-0.375-2.185-0.418C14.751,3.01,14.444,3,12,3L12,3z M12,7.378 c-2.552,0-4.622,2.069-4.622,4.622S9.448,16.622,12,16.622s4.622-2.069,4.622-4.622S14.552,7.378,12,7.378z M12,15 c-1.657,0-3-1.343-3-3s1.343-3,3-3s3,1.343,3,3S13.657,15,12,15z M16.804,6.116c-0.596,0-1.08,0.484-1.08,1.08 s0.484,1.08,1.08,1.08c0.596,0,1.08-0.484,1.08-1.08S17.401,6.116,16.804,6.116z\"><\/path><\/svg><span class=\"wp-block-social-link-label screen-reader-text\">Instagram<\/span><\/a><\/li>\n\n<li class=\"wp-social-link wp-social-link-tiktok  wp-block-social-link\"><a href=\"https:\/\/www.tiktok.com\" class=\"wp-block-social-link-anchor\"><svg width=\"24\" height=\"24\" viewBox=\"0 0 32 32\" version=\"1.1\" xmlns=\"http:\/\/www.w3.org\/2000\/svg\" aria-hidden=\"true\" focusable=\"false\"><path d=\"M16.708 0.027c1.745-0.027 3.48-0.011 5.213-0.027 0.105 2.041 0.839 4.12 2.333 5.563 1.491 1.479 3.6 2.156 5.652 2.385v5.369c-1.923-0.063-3.855-0.463-5.6-1.291-0.76-0.344-1.468-0.787-2.161-1.24-0.009 3.896 0.016 7.787-0.025 11.667-0.104 1.864-0.719 3.719-1.803 5.255-1.744 2.557-4.771 4.224-7.88 4.276-1.907 0.109-3.812-0.411-5.437-1.369-2.693-1.588-4.588-4.495-4.864-7.615-0.032-0.667-0.043-1.333-0.016-1.984 0.24-2.537 1.495-4.964 3.443-6.615 2.208-1.923 5.301-2.839 8.197-2.297 0.027 1.975-0.052 3.948-0.052 5.923-1.323-0.428-2.869-0.308-4.025 0.495-0.844 0.547-1.485 1.385-1.819 2.333-0.276 0.676-0.197 1.427-0.181 2.145 0.317 2.188 2.421 4.027 4.667 3.828 1.489-0.016 2.916-0.88 3.692-2.145 0.251-0.443 0.532-0.896 0.547-1.417 0.131-2.385 0.079-4.76 0.095-7.145 0.011-5.375-0.016-10.735 0.025-16.093z\" \/><\/svg><span class=\"wp-block-social-link-label screen-reader-text\">TikTok<\/span><\/a><\/li>\n\n<li class=\"wp-social-link wp-social-link-x  wp-block-social-link\"><a href=\"https:\/\/www.x.com\" class=\"wp-block-social-link-anchor\"><svg width=\"24\" height=\"24\" viewBox=\"0 0 24 24\" version=\"1.1\" xmlns=\"http:\/\/www.w3.org\/2000\/svg\" aria-hidden=\"true\" focusable=\"false\"><path d=\"M13.982 10.622 20.54 3h-1.554l-5.693 6.618L8.745 3H3.5l6.876 10.007L3.5 21h1.554l6.012-6.989L15.868 21h5.245l-7.131-10.378Zm-2.128 2.474-.697-.997-5.543-7.93H8l4.474 6.4.697.996 5.815 8.318h-2.387l-4.745-6.787Z\" \/><\/svg><span class=\"wp-block-social-link-label screen-reader-text\">X<\/span><\/a><\/li><\/ul>\n<\/aside>\n\n\n\n<p><\/p>\n","protected":false},"excerpt":{"rendered":"<p>Willkommen in Istrien Istrien ist die gr\u00f6\u00dfte Halbinsel an der n\u00f6rdlichen Adria und eine der beliebtesten Urlaubsregionen Kroatiens. Die Region ist die am st\u00e4rksten entwickelte touristische Destination des Landes und \u00fcberzeugt durch ihre hervorragende Infrastruktur sowie die N\u00e4he zu den europ\u00e4ischen Nachbarl\u00e4ndern. Kristallklares Wasser, traumhafte Badebuchten, idyllische K\u00fcstenst\u00e4dte und unz\u00e4hlige historische Sehensw\u00fcrdigkeiten pr\u00e4gen das Gesicht [&hellip;]<\/p>\n","protected":false},"author":1,"featured_media":0,"parent":0,"menu_order":0,"comment_status":"closed","ping_status":"closed","template":"","meta":{"footnotes":""},"class_list":["post-151","page","type-page","status-publish","hentry"],"_links":{"self":[{"href":"https:\/\/steeli.bplaced.net\/kroatien\/wp-json\/wp\/v2\/pages\/151","targetHints":{"allow":["GET"]}}],"collection":[{"href":"https:\/\/steeli.bplaced.net\/kroatien\/wp-json\/wp\/v2\/pages"}],"about":[{"href":"https:\/\/steeli.bplaced.net\/kroatien\/wp-json\/wp\/v2\/types\/page"}],"author":[{"embeddable":true,"href":"https:\/\/steeli.bplaced.net\/kroatien\/wp-json\/wp\/v2\/users\/1"}],"replies":[{"embeddable":true,"href":"https:\/\/steeli.bplaced.net\/kroatien\/wp-json\/wp\/v2\/comments?post=151"}],"version-history":[{"count":8,"href":"https:\/\/steeli.bplaced.net\/kroatien\/wp-json\/wp\/v2\/pages\/151\/revisions"}],"predecessor-version":[{"id":221,"href":"https:\/\/steeli.bplaced.net\/kroatien\/wp-json\/wp\/v2\/pages\/151\/revisions\/221"}],"wp:attachment":[{"href":"https:\/\/steeli.bplaced.net\/kroatien\/wp-json\/wp\/v2\/media?parent=151"}],"curies":[{"name":"wp","href":"https:\/\/api.w.org\/{rel}","templated":true}]}}